{"id":243,"date":"2022-05-08T21:43:19","date_gmt":"2022-05-09T01:43:19","guid":{"rendered":"https:\/\/galdames.cl\/web\/?page_id=243"},"modified":"2026-01-06T16:41:10","modified_gmt":"2026-01-06T20:41:10","slug":"servicios","status":"publish","type":"page","link":"https:\/\/galdames.cl\/web\/servicios\/","title":{"rendered":"INICIO"},"content":{"rendered":"<h3>Rese\u00f1a<\/h3>\n<p>Galdames es una empresa con mas de 25 a\u00f1os de experiencia en el rubro de la <strong>ingenieria electrica<\/strong>. Nuestra empresa ha ido especializ\u00e1ndose en las \u00e1reas de ingenier\u00eda incorporando <strong>arquitectura<\/strong> desde al a\u00f1o 2020. Siendo todas las \u00e1reas dominadas por profesionales dedicados a cada \u00e1rea.<\/p>\n<p><strong>Mision:<\/strong><\/p>\n<p>Mejorar la calidad de vida de nuestros clientes manteniendo la eficiencia de los recursos entregados<\/p>\n<p><strong>Vision:<\/strong><\/p>\n<p>Incluir las nuevas tecnologias\u00a0 y compatibilizarlas con las exigencias de cada mercado.<\/p>\n<p>&nbsp;<\/p>\n<p>&nbsp;<\/p>\n<p>&nbsp;<\/p>\n<p>&nbsp;<\/p>\n","protected":false},"excerpt":{"rendered":"<p>Rese\u00f1a Galdames es una empresa con mas de 25 a\u00f1os de experiencia en el rubro de la ingenieria electrica. Nuestra empresa ha ido especializ\u00e1ndose en las \u00e1reas de ingenier\u00eda incorporando arquitectura desde al a\u00f1o 2020. Siendo todas las \u00e1reas dominadas por profesionales dedicados a cada \u00e1rea. Mision: Mejorar la calidad de vida de nuestros clientes [&hellip;]<\/p>\n","protected":false},"author":1,"featured_media":327,"parent":0,"menu_order":0,"comment_status":"closed","ping_status":"closed","template":"","meta":{"footnotes":""},"class_list":["post-243","page","type-page","status-publish","has-post-thumbnail","hentry"],"_links":{"self":[{"href":"https:\/\/galdames.cl\/web\/wp-json\/wp\/v2\/pages\/243","targetHints":{"allow":["GET"]}}],"collection":[{"href":"https:\/\/galdames.cl\/web\/wp-json\/wp\/v2\/pages"}],"about":[{"href":"https:\/\/galdames.cl\/web\/wp-json\/wp\/v2\/types\/page"}],"author":[{"embeddable":true,"href":"https:\/\/galdames.cl\/web\/wp-json\/wp\/v2\/users\/1"}],"replies":[{"embeddable":true,"href":"https:\/\/galdames.cl\/web\/wp-json\/wp\/v2\/comments?post=243"}],"version-history":[{"count":8,"href":"https:\/\/galdames.cl\/web\/wp-json\/wp\/v2\/pages\/243\/revisions"}],"predecessor-version":[{"id":356,"href":"https:\/\/galdames.cl\/web\/wp-json\/wp\/v2\/pages\/243\/revisions\/356"}],"wp:featuredmedia":[{"embeddable":true,"href":"https:\/\/galdames.cl\/web\/wp-json\/wp\/v2\/media\/327"}],"wp:attachment":[{"href":"https:\/\/galdames.cl\/web\/wp-json\/wp\/v2\/media?parent=243"}],"curies":[{"name":"wp","href":"https:\/\/api.w.org\/{rel}","templated":true}]}}